{"id":1090,"date":"2017-08-28T08:00:35","date_gmt":"2017-08-28T06:00:35","guid":{"rendered":"http:\/\/bellaselva.it\/1\/?page_id=1090"},"modified":"2017-08-28T17:55:24","modified_gmt":"2017-08-28T15:55:24","slug":"nordic-walking-ovest-vicentino","status":"publish","type":"page","link":"https:\/\/bellaselva.it\/1\/nordic-walking-ovest-vicentino\/","title":{"rendered":"Nordic walking ovest vicentino &#8220;aggiornato settimanalmente&#8221;"},"content":{"rendered":"<div dir=\"ltr\">\n<div>\n<div>\n<div>\n<p dir=\"ltr\"><a href=\"http:\/\/bellaselva.it\/1\/wp-content\/uploads\/2017\/08\/FORMULE-ASSICURATIVE-PREVISTE-anno-2017-2018.pdf\" class=\"su-button su-button-style-flat\" style=\"color:#FFFFFF;background-color:#0aae07;border-color:#088c06;border-radius:5px\" target=\"_blank\" rel=\"noopener noreferrer\"><span style=\"color:#FFFFFF;padding:6px 16px;font-size:13px;line-height:20px;border-color:#54c752;border-radius:5px;text-shadow:none\"><i class=\"sui sui-file-pdf-o\" style=\"font-size:13px;color:#FFFFFF\"><\/i> Modulo di Iscrizione<\/span><\/a>\n<p dir=\"ltr\"><span style=\"color: #ff0000;\">Buon Agosto e buone vacanze a chi \u00e8 in ferie, noi di PASSI NEL SUONO continuiamo a nordicare!<\/span><\/p>\n<p dir=\"ltr\"><span style=\"color: #ff0000;\">Cari soci\/camminatori, siamo giunti al 1\u00b0 settembre, inizio della stagione associativa AICS quindi vi chiediamo gentilmente nelle prossime settimane di rinnovare l&#8217;adesione compilando il modulo allegato o disponibile presso gli istruttori. Abbiamo ampliato le possibilit\u00e0 di copertura assicurativa (vedi istruzioni modulo) mantenendo sempre i \u20ac15 per la formula base.&nbsp;<\/span><\/p>\n<p dir=\"ltr\"><span style=\"color: #ff0000;\">Ricordiamo inoltre l&#8217;obbligatoriet\u00e0 del certificato medico non agonistico, andr\u00e0 bene anche fotocopia o formato elettronico.&nbsp;<\/span><\/p>\n<p dir=\"ltr\"><span style=\"color: #ff0000;\">Nell&#8217;ultimo incontro con gli istruttori, abbiamo deciso di NON inviare pi\u00f9 la newsletter settimanale con l&#8217;elenco delle camminate,&nbsp; in quanto ormai le camminate sono tante e la mail sta diventando lunga e di difficile lettura. Per sapere il programma visitate il calendario nel sito www.passinelsuono it; inoltre sono attivi dei gruppi Whatsapps uno per ogni Istruttore e il programma e&#8217; anche su Facebook.&nbsp;<\/span><\/p>\n<p dir=\"ltr\"><span style=\"color: #ff0000;\">Se qualcuno desidera ricevere comunque la newsletter via mail, risponda alla presente e sarete inseriti nella nuova mailing list.&nbsp;<\/span><\/p>\n<p dir=\"ltr\"><span style=\"color: #ff0000;\">Ricordiamo inoltre che per essere aggiornati sul programma viaggi Passi nel Mondo, e ricevere la newsletter,&nbsp; basta chiedere l&#8217;inserimento&nbsp; a<a href=\"mailto:passinelmondo@gmail.com\" target=\"_blank\" rel=\"noopener\"> passinelmondo@gmail.com<\/a>.&nbsp;<\/span><\/p>\n<p dir=\"ltr\"><strong>Novit\u00e0:&nbsp;<\/strong><span class=\"su-highlight\" style=\"background:#90fc6c;color:#000000\">&nbsp;camminata a Schio ogni luned\u00ec sera&nbsp;<\/span>\n<p dir=\"ltr\"><strong>Ecco a voi gli appuntamenti della settimana:<\/strong><\/p>\n<p dir=\"ltr\"><strong>Luned\u00ec 28 agosto&nbsp;mattino con Luigi<\/strong>&nbsp;&nbsp;ritrovo 8.15 e San Benedetto di Trissino pizzeria pop corn&nbsp; partenza 8.30.<\/p>\n<p dir=\"ltr\"><strong>Luned\u00ec 28 agosto<\/strong><strong>&nbsp;con Davide<\/strong> &nbsp;ritrovo ore 19:30&nbsp;Brendola parcheggio inferiore della chiesa di SAN MICHELE , scolliniamo per due ore , percorso adatto a tutti .<\/p>\n<p dir=\"ltr\"><strong>Martedi 29 agosto con Daniele<\/strong>.&nbsp;ritrovo ore 7.30 &nbsp;partenza ore 7.40 parcheggio Scuole Borne in Via Pola. Giro Spelacia Vison\u00e0 Marogne. Difficolt\u00e0 media 2 ore di Nordic.&nbsp;<\/p>\n<p dir=\"ltr\"><strong>Tutti i mercoled\u00ec&nbsp;con Franca<\/strong><strong>&nbsp;dal&nbsp;Cafe&nbsp;Eden<\/strong> via Roma a Recoaro Terme dalle ore 13 alle ore 15; 2 ore di Nordic Walking Benessere;<\/p>\n<p dir=\"ltr\"><strong>Mercoled\u00ec 30 agosto&nbsp;con Michela<\/strong> &nbsp;ritrovo ore 18:50 Piazza Mazzini a Trissino, due ore di nordic, media difficolt\u00e0<\/p>\n<p dir=\"ltr\"><strong>Gioved\u00ec 31 agosto con Luigi<\/strong>&nbsp;&nbsp;ritrovo pizzeria Oca Nera alle 8.00 x raggruppamento auto; partenza ore &nbsp;8.10 x i Mistrorighi frazione di Chiampo; inizio camminata&nbsp;vicino alla Chiesa.8.30<\/p>\n<p dir=\"ltr\"><strong>Venerdi 1 settembre&nbsp;<\/strong><strong>ritrovo alle 18.50 ad Arzignano<\/strong>, parcheggio Parco dello Sport (Pizzeria Oca Nera), sentiero blu, circa due ore e mezza, impegnativa;<\/p>\n<p dir=\"ltr\"><strong>Domenica 3 settembre con Michela<\/strong> e Luigi MONTE BALDO&nbsp;camminata panoramica con vista lago di Garda che parte da Prada Bassa fino al Monte Baldo (Rifugio Fuori del Baldo) durata ore 5 ( A\/R) Pranzo al sacco o al rifugio. Rientro nel pomeriggio. Percorso su sentieri sterrati per lo piu&#8217; ampi e prati. Dislivello +650-650. Ritrovo ore 7:30 casello autostrada Montebello Vicentino. Raggruppamento auto.Prenotazioni a Michela o Luigi <a href=\"mailto:ovest.passi@gmail.com\" target=\"_blank\" rel=\"noopener\">ovest.passi@gmail.com<\/a> 346 0084816<\/p>\n<p dir=\"ltr\"><strong>Domenica 3 settembre con Riccardo<\/strong> nell&#8217;ambito della Sagra Patronale di Restena.&nbsp;Ritrovo alle 16.30 per una breve spiegazione poi giro delle Tre Valli, media difficolt\u00e0, 2 ore e mezza. Al termine \u00e8 possibile cenare presso gli stands con le specialit\u00e0 della cucina. Gratuito, &nbsp;noleggio bastoncini \u20ac2.<\/p>\n<p dir=\"ltr\">Buoni passi ovunque voi siate!<\/p>\n<div dir=\"auto\">&nbsp;<\/div>\n<\/div>\n<\/div>\n<\/div>\n<\/div>\n<div dir=\"ltr\">\n<div>\n<div>\n<div>\n<p><u><i>PORTARE PILA FRONTALE PER LE USCITE SERALI E SCARPE DI RICAMBIO DA LASCIARE IN AUTO<\/i><\/u><br \/>\n<i> <\/i><\/p>\n<\/div>\n<div>\n<div dir=\"ltr\">\n<hr>\n<p dir=\"ltr\">Portare sempre con voi bottiglietta d&#8217;acqua.<\/p>\n<\/div>\n<div dir=\"ltr\">\n<p dir=\"ltr\">Il contributo &nbsp;per le camminate infrasettimanali \u00e8 di euro 2.<\/p>\n<\/div>\n<p dir=\"ltr\">In caso di tempo incerto, contattare l&#8217;istruttore prima di raggiungere il punto di ritrovo.<\/p>\n<p>Buoni passi!<\/p>\n<\/div>\n<\/div>\n<p><i>Camminando si apprende la vita,<br \/>\ncamminando si conoscono le persone,<br \/>\ncamminando si sanano le ferite del giorno prima.<br \/>\nCammina, guardando una stella, ascoltando una voce,<br \/>\nseguendo le orme di altri passi.<br \/>\n(Ruben Blades)<\/i><\/p>\n<p>&nbsp;<\/p>\n<\/div>\n<div>\n<div dir=\"ltr\">\n<div>\n<div dir=\"ltr\">\n<div>\n<div dir=\"ltr\">\n<div>\n<div dir=\"ltr\">\n<p><b><span style=\"font-family: arial,helvetica,sans-serif;\">PASSI NEL SUONO OVEST VICENTINO <\/span><\/b><\/p>\n<div>Istruttore Nordic Walking Michela cell 346-0084816<\/div>\n<div>Istruttore Winter Nordic Walking Riccardo 347-1272953<\/div>\n<div>Istruttore Nordic Walking Davide cell&nbsp;334-3106580<\/div>\n<div>Istruttore Nordic Walking Daniele cell&nbsp;324-8286192<\/div>\n<div>mail: <a href=\"mailto:ovest.passi@gmail.com\" target=\"_blank\" rel=\"noopener noreferrer\">ovest.passi@gmail.com<\/a><\/div>\n<div><a href=\"http:\/\/www.passinelsuono.it\/\" target=\"_blank\" rel=\"noopener noreferrer\">www.passinelsuono.it<\/a><\/div>\n<\/div>\n<\/div>\n<\/div>\n<\/div>\n<\/div>\n<\/div>\n<\/div>\n<\/div>\n<\/div>\n","protected":false},"excerpt":{"rendered":"<p>Buon Agosto e buone vacanze a chi \u00e8 in ferie, noi di PASSI NEL SUONO continuiamo a nordicare! Cari soci\/camminatori, siamo giunti al 1\u00b0 settembre, inizio della stagione associativa AICS quindi vi chiediamo gentilmente&#46;&#46;&#46;<\/p>\n","protected":false},"author":1,"featured_media":1096,"parent":0,"menu_order":0,"comment_status":"closed","ping_status":"closed","template":"","meta":{"ngg_post_thumbnail":0,"footnotes":""},"class_list":["post-1090","page","type-page","status-publish","has-post-thumbnail","hentry"],"_links":{"self":[{"href":"https:\/\/bellaselva.it\/1\/wp-json\/wp\/v2\/pages\/1090","targetHints":{"allow":["GET"]}}],"collection":[{"href":"https:\/\/bellaselva.it\/1\/wp-json\/wp\/v2\/pages"}],"about":[{"href":"https:\/\/bellaselva.it\/1\/wp-json\/wp\/v2\/types\/page"}],"author":[{"embeddable":true,"href":"https:\/\/bellaselva.it\/1\/wp-json\/wp\/v2\/users\/1"}],"replies":[{"embeddable":true,"href":"https:\/\/bellaselva.it\/1\/wp-json\/wp\/v2\/comments?post=1090"}],"version-history":[{"count":67,"href":"https:\/\/bellaselva.it\/1\/wp-json\/wp\/v2\/pages\/1090\/revisions"}],"predecessor-version":[{"id":1467,"href":"https:\/\/bellaselva.it\/1\/wp-json\/wp\/v2\/pages\/1090\/revisions\/1467"}],"wp:featuredmedia":[{"embeddable":true,"href":"https:\/\/bellaselva.it\/1\/wp-json\/wp\/v2\/media\/1096"}],"wp:attachment":[{"href":"https:\/\/bellaselva.it\/1\/wp-json\/wp\/v2\/media?parent=1090"}],"curies":[{"name":"wp","href":"https:\/\/api.w.org\/{rel}","templated":true}]}}