{"id":213,"date":"2014-05-31T21:02:13","date_gmt":"2014-05-31T21:02:13","guid":{"rendered":"http:\/\/bellaselva.it\/1\/?page_id=213"},"modified":"2014-06-04T21:11:59","modified_gmt":"2014-06-04T21:11:59","slug":"ristorante-costa","status":"publish","type":"page","link":"https:\/\/bellaselva.it\/1\/ristorante-costa\/","title":{"rendered":"Ristorante Costa"},"content":{"rendered":"<p style=\"text-align: justify;\">Era il lontano 1964 quando i fratelli COSTA, Santo e Costante presero in gestione\u00a0 dall\u2019 ENAL\u00a0 il piccolo bar e iniziarono sin da subito ad ingrandirlo. Nel 1969\u00a0 con l\u2019arrivo di Anna, moglie di Santo, iniziarono l\u2019attivit\u00e0 di ristorazione diventando trattoria con una sala e gi\u00e0 nel 1975 aumentano a due.<\/p>\n<p style=\"text-align: justify;\"><div class=\"su-custom-gallery su-custom-gallery-align-left su-custom-gallery-title-hover\"><div class=\"su-custom-gallery-slide\" style=\"width:100px;height:100px\"><a href=\"https:\/\/bellaselva.it\/1\/wp-content\/uploads\/2014\/05\/famcost1.jpg\" title=\"famcost1\"><img loading=\"lazy\" decoding=\"async\" src=\"https:\/\/bellaselva.it\/1\/wp-content\/uploads\/2014\/05\/famcost1-100x100.jpg\" alt=\"famcost1\" width=\"100\" height=\"100\" \/><span class=\"su-custom-gallery-title\">famcost1<\/span><\/a><\/div><div class=\"su-custom-gallery-slide\" style=\"width:100px;height:100px\"><a href=\"https:\/\/bellaselva.it\/1\/wp-content\/uploads\/2014\/05\/famcost2.jpg\" title=\"famcost2\"><img loading=\"lazy\" decoding=\"async\" src=\"https:\/\/bellaselva.it\/1\/wp-content\/uploads\/2014\/05\/famcost2-100x100.jpg\" alt=\"famcost2\" width=\"100\" height=\"100\" \/><span class=\"su-custom-gallery-title\">famcost2<\/span><\/a><\/div><div class=\"su-custom-gallery-slide\" style=\"width:100px;height:100px\"><a href=\"https:\/\/bellaselva.it\/1\/wp-content\/uploads\/2014\/05\/famcost3.jpg\" title=\"famcost3\"><img loading=\"lazy\" decoding=\"async\" src=\"https:\/\/bellaselva.it\/1\/wp-content\/uploads\/2014\/05\/famcost3-100x100.jpg\" alt=\"famcost3\" width=\"100\" height=\"100\" \/><span class=\"su-custom-gallery-title\">famcost3<\/span><\/a><\/div><div class=\"su-custom-gallery-slide\" style=\"width:100px;height:100px\"><a href=\"https:\/\/bellaselva.it\/1\/wp-content\/uploads\/2014\/05\/famcost4.jpg\" title=\"famcost4\"><img loading=\"lazy\" decoding=\"async\" src=\"https:\/\/bellaselva.it\/1\/wp-content\/uploads\/2014\/05\/famcost4-100x100.jpg\" alt=\"famcost4\" width=\"100\" height=\"100\" \/><span class=\"su-custom-gallery-title\">famcost4<\/span><\/a><\/div><div class=\"su-custom-gallery-slide\" style=\"width:100px;height:100px\"><a href=\"https:\/\/bellaselva.it\/1\/wp-content\/uploads\/2014\/05\/famcost5.jpg\" title=\"famcost5\"><img loading=\"lazy\" decoding=\"async\" src=\"https:\/\/bellaselva.it\/1\/wp-content\/uploads\/2014\/05\/famcost5-100x100.jpg\" alt=\"famcost5\" width=\"100\" height=\"100\" \/><span class=\"su-custom-gallery-title\">famcost5<\/span><\/a><\/div><div class=\"su-clear\"><\/div><\/div>\n<p style=\"text-align: justify;\">Nel 1986 ristrutturano tutto con l\u2019aggiunta di una nuova sala\u00a0 e di una grande cucina moderna, in seguito aggiungono un grande parcheggio e un bel giardino per intrattenimenti all\u2019aperto.<br \/>\nAttualmente il ristorante \u00e8 gestito da Paolo con l\u2019aiuto importante della mamma Anna e pu\u00f2 ricevere fino a 300 posti a sedere in 3 diverse sale ed \u00e8 dotato di impianto voci e aria condizionata. Inoltre pu\u00f2 ricevere\u00a0 prenotazioni di sale riservate per conferenze e riunioni con intrattenimenti musicali a richiesta.<\/p>\n<div class=\"su-custom-gallery su-custom-gallery-align-left su-custom-gallery-title-hover\"><div class=\"su-custom-gallery-slide\" style=\"width:100px;height:100px\"><a href=\"https:\/\/bellaselva.it\/1\/wp-content\/uploads\/2014\/05\/cost1.jpg\" title=\"cost1\"><img loading=\"lazy\" decoding=\"async\" src=\"https:\/\/bellaselva.it\/1\/wp-content\/uploads\/2014\/05\/cost1-100x100.jpg\" alt=\"cost1\" width=\"100\" height=\"100\" \/><span class=\"su-custom-gallery-title\">cost1<\/span><\/a><\/div><div class=\"su-custom-gallery-slide\" style=\"width:100px;height:100px\"><a href=\"https:\/\/bellaselva.it\/1\/wp-content\/uploads\/2014\/05\/cost2.jpg\" title=\"cost2\"><img loading=\"lazy\" decoding=\"async\" src=\"https:\/\/bellaselva.it\/1\/wp-content\/uploads\/2014\/05\/cost2-100x100.jpg\" alt=\"cost2\" width=\"100\" height=\"100\" \/><span class=\"su-custom-gallery-title\">cost2<\/span><\/a><\/div><div class=\"su-custom-gallery-slide\" style=\"width:100px;height:100px\"><a href=\"https:\/\/bellaselva.it\/1\/wp-content\/uploads\/2014\/05\/cost3.jpg\" title=\"cost3\"><img loading=\"lazy\" decoding=\"async\" src=\"https:\/\/bellaselva.it\/1\/wp-content\/uploads\/2014\/05\/cost3-100x100.jpg\" alt=\"cost3\" width=\"100\" height=\"100\" \/><span class=\"su-custom-gallery-title\">cost3<\/span><\/a><\/div><div class=\"su-custom-gallery-slide\" style=\"width:100px;height:100px\"><a href=\"https:\/\/bellaselva.it\/1\/wp-content\/uploads\/2014\/05\/cost4.jpg\" title=\"cost4\"><img loading=\"lazy\" decoding=\"async\" src=\"https:\/\/bellaselva.it\/1\/wp-content\/uploads\/2014\/05\/cost4-100x100.jpg\" alt=\"cost4\" width=\"100\" height=\"100\" \/><span class=\"su-custom-gallery-title\">cost4<\/span><\/a><\/div><div class=\"su-custom-gallery-slide\" style=\"width:100px;height:100px\"><a href=\"https:\/\/bellaselva.it\/1\/wp-content\/uploads\/2014\/05\/cost5.jpg\" title=\"cost5\"><img loading=\"lazy\" decoding=\"async\" src=\"https:\/\/bellaselva.it\/1\/wp-content\/uploads\/2014\/05\/cost5-100x100.jpg\" alt=\"cost5\" width=\"100\" height=\"100\" \/><span class=\"su-custom-gallery-title\">cost5<\/span><\/a><\/div><div class=\"su-clear\"><\/div><\/div>\n<p style=\"text-align: justify;\">Informazioni commerciali:<\/p>\n<ul>\n<li>\u00a0matrimoni con sala da 200 posti<\/li>\n<li>cucina casalinga con prodotti tipici del territorio<\/li>\n<li>serate gastronomiche a tema con prenotazione anche di spaghetti allo scoglio e paella<\/li>\n<li>sale da pranzo di varie metrature, anche riservate<\/li>\n<li>sale riservate prenotabili per riunioni aziendali o di associazioni con o senza servizio cucina<\/li>\n<li>prenotazione cene di selvaggina<\/li>\n<li>prenotazione grigliate miste di carne o di pesce<\/li>\n<\/ul>\n<p style=\"text-align: justify;\">E solo al RISTORANTE COSTA di Selva di Trissino<\/p>\n<p>TUTTI I VENERDI&#8217; e su prenotazione il Mercoled\u00ec e Sabato, serata a tema dedicata\u00a0 ai favolosi &#8220;GNOCCHI DI SELVA&#8221;, di patata, con 6 diversi tipi di sugo, su una scelta di oltre 30 tipi a rotazione e stagionali.<\/p>\n<p style=\"text-align: center;\"><strong>Men\u00f9<\/strong><\/p>\n<p style=\"text-align: justify;\">6 portate diverse di Gnocchi di Patata fatti a mano, acqua, vino, pane, caff\u00e8, sorbetto e coperto&#8230; <strong>Euro 20,00<\/strong><\/p>\n<hr \/>\n<p><strong>Men\u00f9 Turistico De.Co. :<\/strong><\/p>\n<p>Degustazione in 2 sughi diversi di &#8220;Gnocchi di Selva De.Co.&#8221;<br \/>\ninnaffiati dal&#8221; Vino Senese&#8221; di Selva frizzante (Vino bianco)<\/p>\n<p>Degustazione del &#8220;Dolce Selva&#8221; , Dolce di &#8220;Patate Monte Faldo De.Co.&#8221;<br \/>\nai frutti di bosco abbracciato dal Recioto di Gambellara<\/p>\n<p>Caff\u00e8<\/p>\n<p>Tutto\u00a0 a\u00a0 <strong>Euro 14,00<\/strong><\/p>\n<p>Il Men\u00f9 turistico \u00e8 ATTIVO\u00a0 dal 15\u00a0 Aprile al 15 Agosto ,<br \/>\nTutti i sabati e le domeniche.<\/p>\n<p>La prenotazione \u00e8 per almeno 2 persone.<\/p>\n<hr \/>\n<p><a href=\"http:\/\/bellaselva.it\/1\/wp-content\/uploads\/2014\/05\/risotto-costa.png\"><img loading=\"lazy\" decoding=\"async\" class=\"alignnone size-full wp-image-228\" src=\"http:\/\/bellaselva.it\/1\/wp-content\/uploads\/2014\/05\/risotto-costa.png\" alt=\"risotto-costa\" width=\"150\" height=\"150\" \/><\/a><\/p>\n<p style=\"text-align: justify;\">Su Prenotazione&#8230; RISOTTERIA , con degustazione di 3 tipi di risotto:<\/p>\n<p>3 portate diverse di Risotto +<br \/>\nacqua, vino, caff\u00e8, sorbetto e coperto \u00a0\u00a0 <strong>Euro 15,00<\/strong><\/p>\n<hr \/>\n<p>&nbsp;<\/p>\n<p style=\"text-align: justify;\"><a href=\"http:\/\/bellaselva.it\/1\/wp-content\/uploads\/2014\/05\/rist_costa.jpg\"><img loading=\"lazy\" decoding=\"async\" class=\"alignnone size-medium wp-image-293\" src=\"http:\/\/bellaselva.it\/1\/wp-content\/uploads\/2014\/05\/rist_costa-150x300.jpg\" alt=\"rist_costa\" width=\"150\" height=\"300\" srcset=\"https:\/\/bellaselva.it\/1\/wp-content\/uploads\/2014\/05\/rist_costa-150x300.jpg 150w, https:\/\/bellaselva.it\/1\/wp-content\/uploads\/2014\/05\/rist_costa.jpg 500w\" sizes=\"auto, (max-width: 150px) 100vw, 150px\" \/><\/a><\/p>\n<h4 style=\"text-align: justify;\">Per Prenotazioni e Contatti: Tel. 0445.960295<\/h4>\n<h4 style=\"text-align: justify;\">Il Ristorante Costa si trova a Selva di Trissino (VI)<\/h4>\n<h6 style=\"text-align: center;\"><div class=\"su-heading su-heading-style-default su-heading-align-center\" id=\"\" style=\"font-size:13px;margin-bottom:20px\"><div class=\"su-heading-inner\">&#8212; turno di chiusura il marted\u00ec &#8212;<\/div><\/div><\/h6>\n","protected":false},"excerpt":{"rendered":"<p>Era il lontano 1964 quando i fratelli COSTA, Santo e Costante presero in gestione\u00a0 dall\u2019 ENAL\u00a0 il piccolo bar e iniziarono sin da subito ad ingrandirlo. Nel 1969\u00a0 con l\u2019arrivo di Anna, moglie di&#46;&#46;&#46;<\/p>\n","protected":false},"author":1,"featured_media":0,"parent":0,"menu_order":0,"comment_status":"open","ping_status":"open","template":"","meta":{"ngg_post_thumbnail":0,"footnotes":""},"class_list":["post-213","page","type-page","status-publish","hentry"],"_links":{"self":[{"href":"https:\/\/bellaselva.it\/1\/wp-json\/wp\/v2\/pages\/213","targetHints":{"allow":["GET"]}}],"collection":[{"href":"https:\/\/bellaselva.it\/1\/wp-json\/wp\/v2\/pages"}],"about":[{"href":"https:\/\/bellaselva.it\/1\/wp-json\/wp\/v2\/types\/page"}],"author":[{"embeddable":true,"href":"https:\/\/bellaselva.it\/1\/wp-json\/wp\/v2\/users\/1"}],"replies":[{"embeddable":true,"href":"https:\/\/bellaselva.it\/1\/wp-json\/wp\/v2\/comments?post=213"}],"version-history":[{"count":0,"href":"https:\/\/bellaselva.it\/1\/wp-json\/wp\/v2\/pages\/213\/revisions"}],"wp:attachment":[{"href":"https:\/\/bellaselva.it\/1\/wp-json\/wp\/v2\/media?parent=213"}],"curies":[{"name":"wp","href":"https:\/\/api.w.org\/{rel}","templated":true}]}}